{"id":10,"date":"2019-07-23T18:37:30","date_gmt":"2019-07-23T18:37:30","guid":{"rendered":"https:\/\/eraikiz.com\/?page_id=10"},"modified":"2021-03-16T06:51:15","modified_gmt":"2021-03-16T06:51:15","slug":"areas-de-trabajo","status":"publish","type":"page","link":"https:\/\/eraikiz.com\/index.php\/areas-de-trabajo\/","title":{"rendered":"\u00c1REAS DE TRABAJO"},"content":{"rendered":"\t\t<div data-elementor-type=\"wp-post\" data-elementor-id=\"10\" class=\"elementor elementor-10\" data-elementor-post-type=\"page\">\n\t\t\t\t\t\t<section class=\"elementor-section elementor-top-section elementor-element elementor-element-3cb5021c elementor-section-boxed elementor-section-height-default elementor-section-height-default\" data-id=\"3cb5021c\" data-element_type=\"section\">\n\t\t\t\t\t\t<div class=\"elementor-container elementor-column-gap-default\">\n\t\t\t\t\t<div class=\"elementor-column elementor-col-100 elementor-top-column elementor-element elementor-element-25c47b2e\" data-id=\"25c47b2e\" data-element_type=\"column\">\n\t\t\t<div class=\"elementor-widget-wrap elementor-element-populated\">\n\t\t\t\t\t\t<div class=\"elementor-element elementor-element-713c308e elementor-widget elementor-widget-text-editor\" data-id=\"713c308e\" data-element_type=\"widget\" data-widget_type=\"text-editor.default\">\n\t\t\t\t<div class=\"elementor-widget-container\">\n\t\t\t\t\t\t\t\t\t<p><\/p>\n<p>Eraikiz es una empresa de construcci\u00f3n especializada en trabajos sobretodo en f\u00e1bricas, trabajos realizados con personal muy experimentado en el sector y certificado durante m\u00e1s de tres a\u00f1os con las normas ISO 9001, ISO 14001 y ISO 45001.<\/p>\n<p><\/p>\n<p><\/p>\n<p>Adem\u00e1s de realizar trabajos de construcci\u00f3n industrial, tambi\u00e9n realizamos, obras medioambientales, de conservaci\u00f3n y refuerzo de estructuras de hormig\u00f3n y hacemos derribos. <\/p>\n<p><\/p>\n<p><\/p>\n<p>Empresa muy especializada en trabajos de hormig\u00f3n con mucho cuidado en  el acabado.<\/p>\n<p><\/p>\t\t\t\t\t\t\t\t<\/div>\n\t\t\t\t<\/div>\n\t\t\t\t\t<\/div>\n\t\t<\/div>\n\t\t\t\t\t<\/div>\n\t\t<\/section>\n\t\t\t\t<\/div>\n\t\t","protected":false},"excerpt":{"rendered":"<p>Eraikiz es una empresa de construcci\u00f3n especializada en trabajos sobretodo en f\u00e1bricas, trabajos realizados con personal muy experimentado en el sector y certificado durante m\u00e1s de tres a\u00f1os con las normas ISO 9001, ISO 14001 y ISO 45001. Adem\u00e1s de realizar trabajos de construcci\u00f3n industrial, tambi\u00e9n realizamos, obras medioambientales, de conservaci\u00f3n y refuerzo de estructuras [&hellip;]<\/p>\n","protected":false},"author":1,"featured_media":0,"parent":0,"menu_order":0,"comment_status":"closed","ping_status":"closed","template":"","meta":{"footnotes":""},"class_list":["post-10","page","type-page","status-publish","hentry"],"_links":{"self":[{"href":"https:\/\/eraikiz.com\/index.php\/wp-json\/wp\/v2\/pages\/10"}],"collection":[{"href":"https:\/\/eraikiz.com\/index.php\/wp-json\/wp\/v2\/pages"}],"about":[{"href":"https:\/\/eraikiz.com\/index.php\/wp-json\/wp\/v2\/types\/page"}],"author":[{"embeddable":true,"href":"https:\/\/eraikiz.com\/index.php\/wp-json\/wp\/v2\/users\/1"}],"replies":[{"embeddable":true,"href":"https:\/\/eraikiz.com\/index.php\/wp-json\/wp\/v2\/comments?post=10"}],"version-history":[{"count":3,"href":"https:\/\/eraikiz.com\/index.php\/wp-json\/wp\/v2\/pages\/10\/revisions"}],"predecessor-version":[{"id":299,"href":"https:\/\/eraikiz.com\/index.php\/wp-json\/wp\/v2\/pages\/10\/revisions\/299"}],"wp:attachment":[{"href":"https:\/\/eraikiz.com\/index.php\/wp-json\/wp\/v2\/media?parent=10"}],"curies":[{"name":"wp","href":"https:\/\/api.w.org\/{rel}","templated":true}]}}