{"id":28,"date":"2019-07-23T18:46:35","date_gmt":"2019-07-23T18:46:35","guid":{"rendered":"https:\/\/eraikiz.com\/?page_id=28"},"modified":"2025-12-01T12:18:40","modified_gmt":"2025-12-01T12:18:40","slug":"politica-de-privacidad","status":"publish","type":"page","link":"https:\/\/eraikiz.com\/index.php\/politica-de-privacidad\/","title":{"rendered":"POL\u00cdTICA DE PRIVACIDAD"},"content":{"rendered":"\n<p>INGENIERIA Y\nCONSTRUCCI\u00d3N ERAIKIZ, S.L.U. (en adelante ERAIKIZ) se encuentra profundamente\ncomprometido con el cumplimiento de la Legislaci\u00f3n Espa\u00f1ola y Europea aplicable\na la protecci\u00f3n de datos de car\u00e1cter personal, y garantiza el cumplimiento\n\u00edntegro de las obligaciones dispuestas, as\u00ed como la implementaci\u00f3n de las\nmedidas de seguridad dispuestas en la Ley 15\/1999, de Protecci\u00f3n de Datos de\nCar\u00e1cter Personal (LOPD) y en el Reglamento General de Protecci\u00f3n de Datos\n(RGPD) de la uni\u00f3n Europea 2016\/679.<\/p>\n\n\n\n<p>ERAIKIZ pone\na disposici\u00f3n de los usuarios la presente Pol\u00edtica de Privacidad de la entidad\npara el tratamiento de datos personales, informando a los mismos respecto a los\nsiguientes aspectos:<\/p>\n\n\n\n<ul class=\"wp-block-list\">\n<li>Identidad y Datos de Contacto del<br>     Responsable del tratamiento.<\/li>\n\n\n\n<li>Datos tratados,\u00a0 sus fines y plazos o criterios de<br>     conservaci\u00f3n de los mismos.<\/li>\n\n\n\n<li>Base jur\u00eddica del tratamiento.<\/li>\n\n\n\n<li>Los destinatarios de sus datos<br>     personales.<\/li>\n\n\n\n<li>Sobre los derechos que asisten a<br>     todo usuario y el procedimiento para ejercitarlos.<\/li>\n<\/ul>\n\n\n\n<p><strong>RESPONSABLE DE TRATAMIENTO:<\/strong><\/p>\n\n\n\n<p>Identidad: INGENIERIA Y\nCONSTRUCCI\u00d3N ERAIKIZ, S.L.U.<\/p>\n\n\n\n<p>CIF: B95571345<\/p>\n\n\n\n<p>Direcci\u00f3n postal: Larrondo beheko hiribidea, nave 5, pabellon 23, 48180 Loiu (Bizkaia)<\/p>\n\n\n\n<p>Tel\u00e9fono\nde contacto: 666 408 288<\/p>\n\n\n\n<p>Correo\nelectr\u00f3nico de contacto: eraikizslu@gmail.com<\/p>\n\n\n\n<ul class=\"wp-block-list\">\n<li><strong>TRATAMIENTOS DE DATOS PERSONALES.<\/strong><\/li>\n<\/ul>\n\n\n\n<p><strong>Tratamientos de\nDatos personales del colectivo de Clientes \/ Proveedores.<\/strong><\/p>\n\n\n\n<p><strong>a. \u00bfCon qu\u00e9 finalidad tratamos sus datos personales?<\/strong><\/p>\n\n\n\n<p>En <strong>ERAIKIZ <\/strong>tratamos la informaci\u00f3n que nos facilitan sus clientes y\nusuarios con las siguientes finalidades:<\/p>\n\n\n\n<ol class=\"wp-block-list\">\n<li><strong>Gesti\u00f3n, Administraci\u00f3n y<br>Prestaci\u00f3n de los productos y servicios contratados<\/strong>.\n<ol class=\"wp-block-list\">\n<li><strong>Realizaci\u00f3n de Env\u00edos<br>Comerciales<\/strong>. En<br>caso de que lo haya consentido, la realizaci\u00f3n de acciones comerciales, de<br>promoci\u00f3n y\/o marketing por cualquier medio (incluidos los electr\u00f3nicos, que<br>expresamente consiente), relacionadas con su objeto social y sus actividades<br>profesionales.<\/li>\n<\/ol>\n<\/li>\n<\/ol>\n\n\n\n<p><strong>b.Legitimaci\u00f3n<\/strong><\/p>\n\n\n\n<p>La base legal para el\ntratamiento de sus datos es la Ejecuci\u00f3n del contrato, y el consentimiento\nexpreso del interesado, en aquellos casos que lo haya facilitado. <\/p>\n\n\n\n<p><strong>c.Destinatarios<\/strong><\/p>\n\n\n\n<ol class=\"wp-block-list\">\n<li>Sus<br>datos se comunicar\u00e1n a Administraciones p\u00fablicas competentes y a la<br>Agencia Tributaria necesarias para la prestaci\u00f3n del servicio.<\/li>\n\n\n\n<li>Si procede a Entidades Bancarias para la gesti\u00f3n<br>dos importes econ\u00f3micos derivados del servicio \/ producto.<\/li>\n<\/ol>\n\n\n\n<p><strong>d.\u00bfPor cu\u00e1nto tiempo conservaremos sus datos?<\/strong><\/p>\n\n\n\n<p>Los datos personales proporcionados\nse conservar\u00e1n, mientras sean necesario para la prestaci\u00f3n del servicio. A su\nfinalizaci\u00f3n los datos ser\u00e1n conservados por obligaci\u00f3n legal. <\/p>\n\n\n\n<p>Por \u00faltimo, y\nsiempre que hubiera proporcionado su consentimiento para esta finalidad, <strong>ERAIKIZ<\/strong> conservar\u00e1 sus datos con el fin\nde mantenerle al d\u00eda de los productos, actividades y servicios que pudieran\nresultar de su inter\u00e9s.<strong><\/strong><\/p>\n\n\n\n<ul class=\"wp-block-list\">\n<li><strong>\u00bfDECISIONES AUTOMATIZADAS, PERFILES Y L\u00d3GICA APLICADA?<\/strong><\/li>\n<\/ul>\n\n\n\n<p>No se\nprev\u00e9 el tratamiento en ning\u00fan momento, basado en decisiones automatizadas.<\/p>\n\n\n\n<ul class=\"wp-block-list\">\n<li><strong>DERECHOS.<\/strong><\/li>\n\n\n\n<li><strong><em>\u00bfCu\u00e1les son sus derechos cuando nos facilita<br>sus datos?<\/em><\/strong><\/li>\n<\/ul>\n\n\n\n<p>Cualquier\npersona tiene derecho a obtener confirmaci\u00f3n sobre si en ERAIKIZ estamos\ntratando datos personales que les conciernan, o no.<\/p>\n\n\n\n<p>Asimismo,\ntal y como prev\u00e9 el Reglamento General de Protecci\u00f3n de Datos, le informamos\nque usted tiene los siguientes derechos:<\/p>\n\n\n\n<ul class=\"wp-block-list\">\n<li>Acceder a sus datos: Ud. tiene derecho a<br>acceder a sus datos para conocer qu\u00e9 datos personales estamos tratando que le<br>conciernen.<\/li>\n\n\n\n<li>Solicitar la rectificaci\u00f3n o supresi\u00f3n de sus<br>datos: En determinadas circunstancias, Ud. tiene derecho a rectificar<br>aquellos datos personales inexactos que le conciernen que sean objeto de<br>tratamiento por nuestra parte o, incluso, a solicitarnos su supresi\u00f3n cuando,<br>entre otros motivos, los datos ya no fueran necesarios para los fines que<br>fueron recogidos.<\/li>\n\n\n\n<li>Solicitar la limitaci\u00f3n del tratamiento de<br>sus datos: En determinadas circunstancias, Ud. tendr\u00e1 derecho a<br>solicitarnos la limitaci\u00f3n del tratamiento de sus datos, en cuyo caso le<br>informamos que \u00fanicamente los conservaremos para el ejercicio o defensa de<br>reclamaciones tal y como prev\u00e9 el Reglamento General de Protecci\u00f3n de Datos.<\/li>\n\n\n\n<li>A la portabilidad de sus datos: En<br>determinadas circunstancias, Ud. tendr\u00e1 derecho a recibir los datos personales<br>que le incumban, y que nos haya facilitado, en un formato estructurado, de uso<br>com\u00fan y lectura mec\u00e1nica, y a transmitirlos a otro responsable del tratamiento.<\/li>\n\n\n\n<li>Oponerse al tratamiento de sus datos: En<br>determinadas circunstancias y por motivos relacionados con su situaci\u00f3n<br>particular, Ud. tendr\u00e1 derecho a oponerse al tratamiento de sus datos en cuyo<br>caso, dejar\u00edamos de tratarlos salvo que por motivos leg\u00edtimos imperiosos, o el<br>ejercicio o la defensa de posibles reclamaciones.<\/li>\n<\/ul>\n\n\n\n<ul class=\"wp-block-list\">\n<li><strong><em>\u00bfCu\u00e1ndo responderemos a su solicitud?<\/em><\/strong><\/li>\n<\/ul>\n\n\n\n<p>Responderemos\na sus peticiones a la mayor brevedad posible y, en todo caso, en el plazo de un\nmes desde la recepci\u00f3n de su solicitud. Dicho plazo podr\u00e1 prorrogarse otros dos\nmeses en caso necesario, teniendo en cuenta la complejidad y el n\u00famero de\nsolicitudes. El responsable informar\u00e1 al interesado de la pr\u00f3rroga dentro del\nprimer mes desde la solicitud.<\/p>\n\n\n\n<ul class=\"wp-block-list\">\n<li><strong><em>\u00bfUsted tiene derecho a retirar su<br>consentimiento?<\/em><\/strong><\/li>\n<\/ul>\n\n\n\n<p>El\ninteresado tiene derecho a retirar el consentimiento en cualquier momento, sin\nque ello afecte a la licitud del tratamiento basado en el consentimiento previo\na su retirada. <\/p>\n\n\n\n<ul class=\"wp-block-list\">\n<li><strong><em>\u00bfD\u00f3nde debe dirigirse para el ejercicio sus<br>derechos?<\/em><\/strong><\/li>\n<\/ul>\n\n\n\n<p>Para el ejercicio de los derechos reconocidos, el interesado podr\u00e1 ponerse en contacto a trav\u00e9s de la siguiente direcci\u00f3n de correo electr\u00f3nico: eraikiz@eraikiz.com o dirigiendo un escrito a ERAIKIZ en la Direcci\u00f3n indicada en el apartado primero sobre el Responsables de Tratamiento.<\/p>\n\n\n\n<ul class=\"wp-block-list\">\n<li><strong><em>\u00bfUsted tiene derecho a reclamar?<\/em><\/strong><\/li>\n<\/ul>\n\n\n\n<p>S\u00ed.\nUsted, especialmente cuando no haya obtenido satisfacci\u00f3n en el ejercicio de\nsus derechos, tiene derecho a presentar reclamaci\u00f3n ante la autoridad nacional\nde control, a estos efectos debe dirigirse ante la Agencia Espa\u00f1ola de\nProtecci\u00f3n de Datos. <a href=\"http:\/\/www.agpd.es\">www.agpd.es<\/a>.<\/p>\n\n\n\n<ul class=\"wp-block-list\">\n<li><strong>CATEGOR\u00cdA DE DATOS.<\/strong><\/li>\n<\/ul>\n\n\n\n<ul class=\"wp-block-list\">\n<li>Las<br>categor\u00edas de datos que se tratan son:\n<ul class=\"wp-block-list\">\n<li>Datos de<br>identificaci\u00f3n<\/li>\n\n\n\n<li>Direcciones<br>postales o electr\u00f3nicas<\/li>\n<\/ul>\n<\/li>\n\n\n\n<li>Datos<br>Especialmente Protegidos: No se tratan datos especialmente protegidos<\/li>\n<\/ul>\n","protected":false},"excerpt":{"rendered":"<p>INGENIERIA Y CONSTRUCCI\u00d3N ERAIKIZ, S.L.U. (en adelante ERAIKIZ) se encuentra profundamente comprometido con el cumplimiento de la Legislaci\u00f3n Espa\u00f1ola y Europea aplicable a la protecci\u00f3n de datos de car\u00e1cter personal, y garantiza el cumplimiento \u00edntegro de las obligaciones dispuestas, as\u00ed como la implementaci\u00f3n de las medidas de seguridad dispuestas en la Ley 15\/1999, de Protecci\u00f3n [&hellip;]<\/p>\n","protected":false},"author":1,"featured_media":0,"parent":0,"menu_order":0,"comment_status":"closed","ping_status":"closed","template":"","meta":{"footnotes":""},"class_list":["post-28","page","type-page","status-publish","hentry"],"_links":{"self":[{"href":"https:\/\/eraikiz.com\/index.php\/wp-json\/wp\/v2\/pages\/28"}],"collection":[{"href":"https:\/\/eraikiz.com\/index.php\/wp-json\/wp\/v2\/pages"}],"about":[{"href":"https:\/\/eraikiz.com\/index.php\/wp-json\/wp\/v2\/types\/page"}],"author":[{"embeddable":true,"href":"https:\/\/eraikiz.com\/index.php\/wp-json\/wp\/v2\/users\/1"}],"replies":[{"embeddable":true,"href":"https:\/\/eraikiz.com\/index.php\/wp-json\/wp\/v2\/comments?post=28"}],"version-history":[{"count":2,"href":"https:\/\/eraikiz.com\/index.php\/wp-json\/wp\/v2\/pages\/28\/revisions"}],"predecessor-version":[{"id":335,"href":"https:\/\/eraikiz.com\/index.php\/wp-json\/wp\/v2\/pages\/28\/revisions\/335"}],"wp:attachment":[{"href":"https:\/\/eraikiz.com\/index.php\/wp-json\/wp\/v2\/media?parent=28"}],"curies":[{"name":"wp","href":"https:\/\/api.w.org\/{rel}","templated":true}]}}