{"id":336,"date":"2025-12-05T12:08:43","date_gmt":"2025-12-05T12:08:43","guid":{"rendered":"https:\/\/eraikiz.com\/?page_id=336"},"modified":"2025-12-05T12:08:45","modified_gmt":"2025-12-05T12:08:45","slug":"evaluacion-proveedores","status":"publish","type":"page","link":"https:\/\/eraikiz.com\/index.php\/evaluacion-proveedores\/","title":{"rendered":"EVALUACI\u00d3N PROVEEDORES"},"content":{"rendered":"\n<p><em>Para garantizar que los productos y servicios que ERAIKIZ, S.L.U., compra o subcontrata a proveedores externos cumplen con los requisitos de calidad y medioambientales requeridos, les informamos que los criterios utilizados para la selecci\u00f3n y evaluaci\u00f3n inicial de proveedores son los siguientes: Para&nbsp;<u>proveedores de suministros<\/u>: Plazo de entrega, calidad de productos, atenci\u00f3n del personal y precio, para&nbsp;<u>proveedores de alquiler de maquinaria<\/u>: Documentaci\u00f3n completa de equipos, maquinaria en buen estado y precio y para&nbsp;<u>subcontratas<\/u>: Documentaci\u00f3n completa para f\u00e1bricas, cumplimiento de requisitos de seguridad y salud en el trabajo durante el desarrollo de las tareas, cumplimiento de las pr\u00e1cticas ambientales y calidad del servicio prestado.&nbsp;<\/em><\/p>\n\n\n\n<p><em>Asimismo les informamos que anualmente ERAIKIZ, S.L.U., realiza un seguimiento y evaluaci\u00f3n anual de sus proveedores, atendiendo a productos o servicios que una vez recibidos sean calificados como \u201cNo Conformes\u201d por incumplir los requisitos y\/o condiciones pactadas en el momento de la compra. El resultado de este seguimiento puede conllevar nuestro desistimiento para contar con aquellos proveedores que reiteradamente incumplen las condiciones de compra \/ contrataci\u00f3n. Recibir\u00e1n la informaci\u00f3n que proceda al respecto de este proceso de seguimiento.<\/em><\/p>\n\n\n\n<p><\/p>\n","protected":false},"excerpt":{"rendered":"<p>Para garantizar que los productos y servicios que ERAIKIZ, S.L.U., compra o subcontrata a proveedores externos cumplen con los requisitos de calidad y medioambientales requeridos, les informamos que los criterios utilizados para la selecci\u00f3n y evaluaci\u00f3n inicial de proveedores son los siguientes: Para&nbsp;proveedores de suministros: Plazo de entrega, calidad de productos, atenci\u00f3n del personal y [&hellip;]<\/p>\n","protected":false},"author":1,"featured_media":0,"parent":0,"menu_order":0,"comment_status":"closed","ping_status":"closed","template":"","meta":{"footnotes":""},"class_list":["post-336","page","type-page","status-publish","hentry"],"_links":{"self":[{"href":"https:\/\/eraikiz.com\/index.php\/wp-json\/wp\/v2\/pages\/336"}],"collection":[{"href":"https:\/\/eraikiz.com\/index.php\/wp-json\/wp\/v2\/pages"}],"about":[{"href":"https:\/\/eraikiz.com\/index.php\/wp-json\/wp\/v2\/types\/page"}],"author":[{"embeddable":true,"href":"https:\/\/eraikiz.com\/index.php\/wp-json\/wp\/v2\/users\/1"}],"replies":[{"embeddable":true,"href":"https:\/\/eraikiz.com\/index.php\/wp-json\/wp\/v2\/comments?post=336"}],"version-history":[{"count":1,"href":"https:\/\/eraikiz.com\/index.php\/wp-json\/wp\/v2\/pages\/336\/revisions"}],"predecessor-version":[{"id":337,"href":"https:\/\/eraikiz.com\/index.php\/wp-json\/wp\/v2\/pages\/336\/revisions\/337"}],"wp:attachment":[{"href":"https:\/\/eraikiz.com\/index.php\/wp-json\/wp\/v2\/media?parent=336"}],"curies":[{"name":"wp","href":"https:\/\/api.w.org\/{rel}","templated":true}]}}